{"id":237482,"date":"2021-11-29T14:56:48","date_gmt":"2021-11-29T19:56:48","guid":{"rendered":"https:\/\/staging.germina.ca\/sale-stores\/"},"modified":"2026-03-06T11:05:12","modified_gmt":"2026-03-06T16:05:12","slug":"sale-stores","status":"publish","type":"page","link":"https:\/\/staging.germina.ca\/en\/sale-stores\/","title":{"rendered":"Sale Stores"},"content":{"rendered":"\n<div class=\"et_pb_section_0 et_pb_section et_section_regular et_block_section\"><div class=\"et_pb_row_0 et_pb_row et_block_row\"><div class=\"et_pb_column_0 et_pb_column et_pb_column_4_4 et-last-child et_block_column et_pb_css_mix_blend_mode_passthrough\"><div class=\"et_pb_image_0 et_pb_image et_pb_module et_block_module\"><span class=\"et_pb_image_wrap\"><img loading=\"lazy\" decoding=\"async\" src=\"https:\/\/staging.germina.ca\/wp-content\/uploads\/2024\/03\/Vision-trois-sacs-sacs1.png\" width=\"800\" height=\"486\" srcset=\"https:\/\/staging.germina.ca\/wp-content\/uploads\/2024\/03\/Vision-trois-sacs-sacs1.png 800w, https:\/\/staging.germina.ca\/wp-content\/uploads\/2024\/03\/Vision-trois-sacs-sacs1-480x292.png 480w\" sizes=\"(min-width: 0px) and (max-width: 480px) 480px, (min-width: 481px) 800px, 100vw\" class=\"wp-image-239298\" title=\"Vision-trois-sacs-sacs1\" \/><\/span><\/div><\/div><\/div><div class=\"et_pb_row_1 et_pb_row et_block_row\"><div class=\"et_pb_column_1 et_pb_column et_pb_column_4_4 et-last-child et_block_column et_pb_css_mix_blend_mode_passthrough\"><div class=\"et_pb_divider_0 et_pb_divider et_pb_space et_pb_divider_position_top et_pb_module\"><div class=\"et_pb_divider_internal\"><\/div><\/div><div class=\"et_pb_text_0 et_pb_text et_pb_bg_layout_light et_pb_module et_block_module\"><div class=\"et_pb_text_inner\"><h1 style=\"text-align: center;\">Sale Stores<\/h1>\n<h4 style=\"text-align: center;\">Germina organic seeds are available at the following stores<\/h4>\n<p>&nbsp;<\/p>\n<\/div><\/div><\/div><\/div><div class=\"et_pb_row_2 et_pb_row et_block_row\"><div class=\"et_pb_column_2 et_pb_column et_pb_column_1_3 et_block_column et_pb_css_mix_blend_mode_passthrough\"><div class=\"et_pb_text_1 et_pb_text et_pb_bg_layout_light et_pb_module et_block_module\"><div class=\"et_pb_text_inner\"><h3>MONTREAL AREA<\/h3>\n<p><strong>Agri Culture du coin<br \/><\/strong>235 Av. Laurier O<br \/>Montr\u00e9al, QC H2T 2N9 <\/p>\n<p><strong>Mega Vrac Hochelaga<\/strong><br \/><span>3562 Rue Ontario E<br \/>Montr\u00e9al, QC H1W 1R5<\/span><\/p>\n<p><span><strong>Mega Vrac Masson<\/strong><br \/><\/span><span>3101, rue Masson<br \/>Montr\u00e9al, QC QC H1Y 1W1<\/span><\/p>\n<p><span><strong>Mega Vrac Mont Royal<\/strong><br \/>1951 Avenue du Mont-Royal E<br \/>Montr\u00e9al, QC H2H 1J5<br \/><strong><\/strong><\/span><\/p>\n<p><span><strong>Mega Vrac Villeray<\/strong><br \/>421 Rue Villeray E<br \/>Montr\u00e9al, QC H2R 1H2<\/span><\/p>\n<p><strong>Rachelle B\u00e9ry Fleury <\/strong><br \/>905, rue Fleury Est<br \/>Montr\u00e9al, QC H2C 1P6<strong><\/strong><\/p>\n<p><strong>Rachelle Bery St-Denis<br \/><\/strong>4201, rue Saint-Denis<br \/>Montr\u00e9al, QC H2J 2K9<\/p>\n<p><strong>Terre \u00e0 soi - Hochelaga<\/strong><br \/>3580 Rue Ontario E<br \/>Montr\u00e9al, QC H1W 1R7<\/p>\n<p><strong>Terre \u00e0 soi - T\u00e9traultville<\/strong><br \/>3580 Rue Ontario E<br \/>Montr\u00e9al, QC H1W 1R7<\/p>\n<p><strong>Rachelle Bery Bouchervile<br \/><\/strong>100, boul. de Mortagne<br \/>Boucherville, QC J4B 5M7<\/p>\n<p><b>Centre de jardin Brossard<br \/><\/b>6305 Grande All\u00e9e<br \/>Brossard, QC J4Z 3H6<\/p>\n<p><strong>Centre de jardin Vaudreuil sur le lac<\/strong><br \/>6305 Grande All\u00e9e<br \/>Brossard, QC J4Z 3H6<\/p>\n<p><strong>Centre jardin Flor\u00e9al<\/strong><br \/>2900, boulevard Cur\u00e9 Labelle<br \/>Laval, QC H7P 5S8<\/p>\n<p><strong>Jardin Zeillinger<\/strong><br \/>4341, boulevard Dagenais Ouest<br \/>Laval, QC H7R 1L3<\/p>\n<p><strong>P\u00e9pini\u00e8re Locas<\/strong><br \/>3254, boul. Ste-Rose<br \/>Laval, QC H7P 4K8 <\/p>\n<p><strong>Serres FCJ Lajoie<\/strong><br \/>1470 Av. des Perron<br \/>Laval, QC H7H 3C6<\/p>\n<p><strong>Jardissimo P\u00e9pini\u00e8re Lorrain<\/strong><br \/>545, Av. Argenteuil<br \/>Lachute, QC J8H 3R8 <\/p>\n<p><strong>Faucher Plantes et pav\u00e9s<\/strong><br \/>1100 Chem. de Saint-Jean<br \/>La Prairie, QC J5R 2L5 <\/p>\n<p><strong>Ferme horticole Ladouceur <\/strong><br \/>15600, Ch Charles<br \/>Mirabel, QC J7J 0V9<\/p>\n<p><strong>Archipel <\/strong><br \/>8100, boulevard Cousineau<br \/>Saint-Hubert, QC J3Z 0G8<\/p>\n<p><b>Juste D Plantes Inc<br \/><\/b>18 Rue Turgeon Suite 102<br \/>Sainte-Th\u00e9r\u00e8se, QC J7E 2H3<\/p>\n<div>\n<p>&nbsp;<\/p>\n<p>&nbsp;<\/p>\n<p>&nbsp;<\/p>\n<div><\/div>\n<div><span><\/span><\/div>\n<h3><\/h3>\n<p>&nbsp;<\/p>\n<p>&nbsp;<\/p>\n<p>&nbsp;<\/p>\n<\/div>\n<\/div><\/div><\/div><div class=\"et_pb_column_3 et_pb_column et_pb_column_1_3 et_block_column et_pb_css_mix_blend_mode_passthrough\"><div class=\"et_pb_text_2 et_pb_text et_pb_bg_layout_light et_pb_module et_block_module\"><div class=\"et_pb_text_inner\"><h3>LAURENTIDES \/ LANAUDI\u00c8RE<\/h3>\n<p><span><strong>Un monde \u00e0 vie<\/strong><br \/>160 Mnt Masson<br \/>Mascouche, QC J7K 3B5<\/span><\/p>\n<p><strong>Vrac \u00c9co<br \/><\/strong>430 Rue Mercier<br \/>Mont-Laurier, QC J9L 2W1<\/p>\n<p><strong>Jardissimo P\u00e9pini\u00e8re Lorrain<br \/><\/strong>2820, Boul. Labelle route 117<br \/>Pr\u00e9vost, QC J0R 1T0 <\/p>\n<p><span><strong>Terre \u00e0 soi - Pr\u00e9vost<\/strong><br \/>Bd du Cur\u00e9-Labelle #3029-B,<br \/>Pr\u00e9vost, , QC J0R 1T0<\/span><\/p>\n<p><strong>Les Jardins de l'\u00c9coum\u00e8ne<br \/><\/strong>2855 ch. de l\u2019\u00c9coum\u00e8ne<br \/>Saint-Damien, QC J0K 2E0 <br \/><a href=\"https:\/\/www.ecoumene.com\">www.ecoumene.com<\/a><\/p>\n<p><span><strong>Les Jardins Gourmands<\/strong><br \/>2236 Rang Saint-Jacques<br \/>Saint-Jacques, QC J0K 2R0<br \/><\/span><\/p>\n<p><strong>Au coin du Jardin inc<\/strong>.<br \/>2501 Chem. Jean-Adam<br \/>Saint-Sauveur, QC J0R 1R7 <\/p>\n<p><strong>Rachelle Bery \u00e9picerie sant\u00e9<\/strong><br \/>377 Rue Principale<br \/>Saint-Sauveur, QC J0R 1R0<\/p>\n<p><strong>La jardini\u00e8re Ste-Agathe <\/strong><br \/>1300, rue Principale Est<br \/>Ste-Agathe-des-Monts, QC J8C 1L9<\/p>\n<p><strong>P\u00e9pini\u00e8re Jardin 2000 inc.<\/strong><span class=\"Apple-tab-span\"><br \/><\/span>2000, ch.<br \/>\nde la belle rivi\u00e8re<br \/>Sainte-Julie, QC J3E 1Y2 <\/p>\n<p><strong>Croque Paysage inc.<\/strong><br \/>2097 QC-117,<br \/>Val-David, QC J0T 2N0<\/p>\n<h3><\/h3>\n<h3>QUEBEC CITY AND SURROUNDING AREA<\/h3>\n<p><span><strong>\u00c9picerie 13\/2<\/strong><br \/>1298 2e avenue<br \/>Quebec, QC G1L 3C7<\/span><\/p>\n<p><span><strong>G\u00e9rard Bourbeau et fils<\/strong><br \/>8285 1re Av.<br \/>Qu\u00e9bec, QC G1G 4C1<\/span><\/p>\n<p><strong>Paradis jardin &amp; accessoires<\/strong><br \/>1100, boul. Bastien<br \/>Qu\u00e9bec, QC G2K 1E6 <\/p>\n<p><span><strong>Vert M\u00e9tal<\/strong><br \/>1335 St-Jacques<br \/>L'Ancienne-Lorette, QC G2E 2W7<\/span><\/p>\n<p><span><strong>Le Maraicher Moderne<\/strong><br \/>17 Saint-Patrick<br \/>Shannon, QC G3S 1G9<\/span><\/p>\n<h3>SHERBROOKE AREA<\/h3>\n<p><strong>Coop\u00e9rative Alentour<span class=\"Apple-tab-span\"><br \/><\/span><\/strong>510, rue Jean-Paul Perrault<br \/>Sherbrooke, QC J1L 3A6<\/p>\n<p><strong>Jardins Eden<\/strong><br \/>5316, boul. Bourque<br \/>Sherbrooke, QC J1N 1H3 <\/p>\n<p><strong>Serres St-Elie<\/strong><br \/>675, boul. Industriel<br \/>Sherbrooke, Qc J1L 2W5 <\/p>\n<p><strong>Centre jardinage Granby<\/strong><br \/>55, rue Bruce<br \/>Granby, QC J2H 0P3<\/p>\n<p><strong>Tribu-Terre<\/strong><br \/><span class=\"Apple-tab-span\"> <\/span>189, rue Principale Est<br \/>Dudswell, QC J0B 1G0<\/p>\n<p><strong>Boutique en vrac<\/strong><br \/>350, 1e Avenue<br \/>Val-des-Sources, QC J1T 1Y9<\/p>\n<\/div><\/div><\/div><div class=\"et_pb_column_4 et_pb_column et_pb_column_1_3 et-last-child et_block_column et_pb_css_mix_blend_mode_passthrough\"><div class=\"et_pb_text_3 et_pb_text et_pb_bg_layout_light et_pb_module et_block_module\"><div class=\"et_pb_text_inner\"><h3>CENTRE DU QU\u00c9BEC<\/h3>\n<p><strong>Serre Binette inc.<\/strong><span class=\"Apple-tab-span\"><br \/><\/span>2568, boul.<br \/>\nMercure<br \/>Drummondville, QC J2A 1H2 <\/p>\n<p><strong>Jardinerie Fortier <\/strong><br \/>99, Route 116 Est<br \/>Princeville, QC G6L 4K6<\/p>\n<p><span><strong>Jardin du coin<\/strong><br \/>7775 Chem. Sainte-Marguerite<br \/>Trois-Rivi\u00e8res, QC G9A 5C9 <\/span><\/p>\n<p><strong>Les serres Lambert<\/strong><br \/>1581, Boulevard Jutras Ouest<br \/>Victoriaville, QC G6T 2B1<\/p>\n<h3>BAS-ST-LAURENT<\/h3>\n<p><strong>Centre Jardin J.M Tremblay &amp; Fils inc.<br \/><\/strong>1095, Avenue du Phare Ouest<br \/>Matane, QC G4W 3M6<\/p>\n<p><strong>Fred Lamontagne<\/strong><br \/>356, chemin du Sommet est<br \/>Rimouski, QC G5N 1V1<\/p>\n<p><strong>Ga\u00efa \u00e9picerie sant\u00e9<\/strong><br \/>99, Rue St Germain O<br \/>Rimouski, QC G5L 4B8<\/p>\n<p><strong>Marcel Dionne<\/strong><br \/>905, rue Lausanne<br \/>Rimouski, QC G5L 8Y9<\/p>\n<h3>BEAUCE<\/h3>\n<p><strong>Les Serres St-Georges<\/strong><br \/>18425, boulevard Lacroix<br \/>Saint-Georges, QC G5Y 5B8<\/p>\n<p><span><strong>Serres Dame Nature<\/strong><br \/>1252 QC-170<br \/>Saint-G\u00e9d\u00e9on, QC G0W 2P0<br \/><\/span><\/p>\n<p><strong>Hortibeauce Botanix<\/strong><br \/>333, route Cameron<br \/>Ste-Marie, QC G6E 3E2<\/p>\n<h3>OUTAOUAIS<\/h3>\n<p><strong>Bio-Horticentre M\u00e9rist\u00e8me <\/strong><br \/>235, chemin Eardley<br \/>Gatineau, QC J9J 2Y8<\/p>\n<p><span><strong>Microgreen Ottawa<\/strong><br \/>1160-A Heron Road<br \/>Ottawa, ON K1V 6B2<\/span><\/p>\n<h3>ELSEWHERE IN QUEBEC<\/h3>\n<p><strong>Centre jardin Trudel - Botanix <\/strong><br \/>641, de Parfondeval<br \/>Baie-Comeau, QC G5C 3S5<\/p>\n<p><span><strong>Bizz Coop<\/strong><br \/>403 rue Racine Est<br \/>Chicoutimi, QC G7H 1T2<\/span><\/p>\n<p><span><strong>Aki \u00e9picerie z\u00e9ro d\u00e9chet<\/strong><br \/>103-888, 3e avenue<br \/>Val-d'Or, QC J9P 5E6<\/span><\/p>\n<\/div><\/div><\/div><\/div><\/div>\n","protected":false},"excerpt":{"rendered":"","protected":false},"author":1,"featured_media":0,"parent":0,"menu_order":0,"comment_status":"closed","ping_status":"closed","template":"","meta":{"footnotes":""},"class_list":["post-237482","page","type-page","status-publish","hentry"],"_links":{"self":[{"href":"https:\/\/staging.germina.ca\/en\/wp-json\/wp\/v2\/pages\/237482","targetHints":{"allow":["GET"]}}],"collection":[{"href":"https:\/\/staging.germina.ca\/en\/wp-json\/wp\/v2\/pages"}],"about":[{"href":"https:\/\/staging.germina.ca\/en\/wp-json\/wp\/v2\/types\/page"}],"author":[{"embeddable":true,"href":"https:\/\/staging.germina.ca\/en\/wp-json\/wp\/v2\/users\/1"}],"replies":[{"embeddable":true,"href":"https:\/\/staging.germina.ca\/en\/wp-json\/wp\/v2\/comments?post=237482"}],"version-history":[{"count":1,"href":"https:\/\/staging.germina.ca\/en\/wp-json\/wp\/v2\/pages\/237482\/revisions"}],"predecessor-version":[{"id":242359,"href":"https:\/\/staging.germina.ca\/en\/wp-json\/wp\/v2\/pages\/237482\/revisions\/242359"}],"wp:attachment":[{"href":"https:\/\/staging.germina.ca\/en\/wp-json\/wp\/v2\/media?parent=237482"}],"curies":[{"name":"wp","href":"https:\/\/api.w.org\/{rel}","templated":true}]}}